{"id":660,"date":"2018-05-10T23:25:52","date_gmt":"2018-05-10T21:25:52","guid":{"rendered":"https:\/\/berlin-translator.com\/?page_id=660"},"modified":"2018-05-10T23:25:52","modified_gmt":"2018-05-10T21:25:52","slug":"nutzungsbedingungen","status":"publish","type":"page","link":"https:\/\/berlin-translator.com\/pl\/nutzungsbedingungen\/","title":{"rendered":"Nutzungsbedingungen"},"content":{"rendered":"<p>Wenn Sie diese Website nutzen, sollen im Verh\u00e4ltnis zwischen Nutzer und Betreiber dieser Seite die folgenden Nutzungsbedingungen verbindlich vereinbart werden. die Allgemeinen Gesch\u00e4ftsbedingungen (AGB) finden Sie <a href=\"https:\/\/berlin-translator.com\/agb\/\">hier<\/a>. Bitte lesen Sie auch die <a href=\"https:\/\/berlin-translator.com\/datenschutzerklaerung\/\">Datenschutzerkl\u00e4rung<\/a>.<\/p>\n<p>Informationen, die vom Betreiber dieser Internetseite oder Dritten f\u00fcr Nutzer bereitgehalten werden, sind marken- und\/oder urheberrechtlich gesch\u00fctzt. Es ist nicht gestattet, die Website im Ganzen oder in Teilen herunterzuladen, zu vervielf\u00e4ltigen, zu verbreiten oder auf anderen Internetseiten und unter anderen Domains zu ver\u00f6ffentlichen. Gestattet ist die technisch bedingte Vervielf\u00e4ltigung zum Zwecke des Browsings, soweit mit dem Browsing keine wirtschaftlichen Zwecke verfolgt werden. Gestattet ist auch die Vervielf\u00e4ltigung f\u00fcr den eigenen Gebrauch.<\/p>\n<p>Gern k\u00f6nnen Sie einen Link auf diese Website setzen, soweit er der Querreferenz dient. Es ist nicht gestattet, die Internetseite in einem Frame darzustellen. Ich behalte mir vor, im Einzelfall die Gestattung einer Verlinkung zu widerrufen.<\/p>\n<p>Ich hafte f\u00fcr die Inhalte dieser Internetseite gem\u00e4\u00df den gesetzlichen Bestimmungen. F\u00fcr die Richtigkeit und Vollst\u00e4ndigkeit der auf der Internetseite befindlichen Informationen kann keine Gew\u00e4hr \u00fcbernommen werden.<\/p>\n<p>Wird im Rahmen dieser Internetseite auf Webseiten Dritter verwiesen, erkl\u00e4ren ich, dass ich mir die hinter dem Verweis oder dem Link liegenden Inhalte nicht zu Eigen machen. Die Inhalte begr\u00fcnden keine Verantwortung f\u00fcr die auf anderen Internetseiten bereit gehaltenen Daten und Informationen. Ich weise darauf hin, dass wich keinen Einfluss auf die hinter einem Link liegenden Inhalte habe. Daher kann ich auch nicht f\u00fcr rechtswidrige, fehlerhafte oder unvollst\u00e4ndige Inhalte haften, die Dritte im Internet bereithalten. Auch f\u00fcr Sch\u00e4den, die aufgrund der Nutzung von einem hinter dem Link liegenden Inhalt verursacht worden sind, kann ich nicht haften.<\/p>\n<p>Die Nutzung des Internets erfolgt auf eigene Gefahr des jeweiligen Nutzers. Ich hafte nicht f\u00fcr technisch bedingten Ausfall des Internets oder f\u00fcr den Zugang des Internets.<\/p>\n<p>Sofern zwischen dem Nutzer und mir ein Vertragsverh\u00e4ltnis zustande kommt, findet f\u00fcr dieses Vertragsverh\u00e4ltnis deutsches Recht unter Ausschluss des UN-Kaufrechts Anwendung. Dies gilt nicht, soweit zwingende Verbraucherschutzvorschriften des Landes, in dem der Vertragspartner seinen gew\u00f6hnlichen Aufenthalt hat, anzuwenden sind. Au\u00dferdem sind ggf. abweichende Regelungen bei der Verletzung von Immaterialg\u00fcterrechten im Rahmen der Rechtswahl zu beachten.<\/p>\n<p>Wenn ein Vertragspartner Kaufmann, juristische Person des \u00f6ffentlichen Rechts oder \u00f6ffentlich rechtliches Sonderverm\u00f6gen ist, ist Gerichtsstand mein Wohnsitz.<\/p>\n","protected":false},"excerpt":{"rendered":"<p>Wenn Sie diese Website nutzen, sollen im Verh\u00e4ltnis zwischen Nutzer und Betreiber dieser Seite die folgenden Nutzungsbedingungen verbindlich vereinbart werden.<\/p>\n","protected":false},"author":3,"featured_media":0,"parent":0,"menu_order":0,"comment_status":"closed","ping_status":"closed","template":"","meta":{"colormag_page_layout":"default_layout","footnotes":""},"class_list":["post-660","page","type-page","status-publish","hentry"],"translation":{"provider":"WPGlobus","version":"3.0.2","language":"pl","enabled_languages":["de","pl","ru"],"languages":{"de":{"title":true,"content":true,"excerpt":false},"pl":{"title":false,"content":false,"excerpt":false},"ru":{"title":false,"content":false,"excerpt":false}}},"_links":{"self":[{"href":"https:\/\/berlin-translator.com\/pl\/wp-json\/wp\/v2\/pages\/660","targetHints":{"allow":["GET"]}}],"collection":[{"href":"https:\/\/berlin-translator.com\/pl\/wp-json\/wp\/v2\/pages"}],"about":[{"href":"https:\/\/berlin-translator.com\/pl\/wp-json\/wp\/v2\/types\/page"}],"author":[{"embeddable":true,"href":"https:\/\/berlin-translator.com\/pl\/wp-json\/wp\/v2\/users\/3"}],"replies":[{"embeddable":true,"href":"https:\/\/berlin-translator.com\/pl\/wp-json\/wp\/v2\/comments?post=660"}],"version-history":[{"count":3,"href":"https:\/\/berlin-translator.com\/pl\/wp-json\/wp\/v2\/pages\/660\/revisions"}],"predecessor-version":[{"id":663,"href":"https:\/\/berlin-translator.com\/pl\/wp-json\/wp\/v2\/pages\/660\/revisions\/663"}],"wp:attachment":[{"href":"https:\/\/berlin-translator.com\/pl\/wp-json\/wp\/v2\/media?parent=660"}],"curies":[{"name":"wp","href":"https:\/\/api.w.org\/{rel}","templated":true}]}}